{"id":151,"date":"2014-03-19T11:12:29","date_gmt":"2014-03-19T11:12:29","guid":{"rendered":"http:\/\/www.charles-dickens-gs.de\/de\/?page_id=151"},"modified":"2023-12-08T08:05:22","modified_gmt":"2023-12-08T08:05:22","slug":"bucherei","status":"publish","type":"page","link":"https:\/\/www.charles-dickens-grundschule.de\/de\/bucherei\/","title":{"rendered":"B\u00dcCHEREI"},"content":{"rendered":"\n<p><b>Die B\u00fccherei der Charles-Dickens-Grundschule<\/b><\/p>\n\n\n\n<p><b>Lesen macht Spa\u00df und klug!<\/b> Unter diesem Motto hei\u00dfen wir alle Sch\u00fcler unserer Schule und auch ihre Eltern herzlich willkommen. <br>In der Schulb\u00fccherei finden sich jede Menge Sachb\u00fccher, Kinderkrimis, lustige B\u00fccher, aber auch Geschichten- und Bilderb\u00fccher f\u00fcr Leseanf\u00e4nger. <\/p>\n\n\n\n<p>Die B\u00fccherei kann von allen Klassen <b>einmal w\u00f6chentlich<\/b> w\u00e4hrend des Englisch- oder Deutschunterrichts besucht werden. Au\u00dferdem k\u00f6nnen die Kinder in der Mittagspause und teilweise auch nachmittags bei uns in den B\u00fcchern schm\u00f6kern. Dabei d\u00fcrfen sich die Kinder bis zu drei B\u00fccher in englischer oder deutscher Sprache ausleihen &#8211; nat\u00fcrlich <b>kostenlos.<\/b> Die Ausleihfrist betr\u00e4gt grunds\u00e4tzlich <b>eine Woche<\/b>, aber wer f\u00fcr die B\u00fccher etwas mehr Zeit braucht, kann den Abgabetermin auch bei uns verl\u00e4ngern lassen.<\/p>\n\n\n\n<p>Die herzlichen Mitarbeiter*innen der Bibliothek werden vom <a rel=\"noreferrer noopener\" href=\"https:\/\/sites.google.com\/view\/foerderkreischarlesdickensschu\/what-we-do\/library\" data-type=\"URL\" data-id=\"https:\/\/sites.google.com\/view\/foerderkreischarlesdickensschu\/what-we-do\/library\" target=\"_blank\"><strong><em><mark style=\"background-color:rgba(0, 0, 0, 0)\" class=\"has-inline-color has-ast-global-color-0-color\">F\u00f6rderkreis<\/mark><\/em><\/strong><\/a> finanziert. <br>Alle B\u00fccheranschaffungen werden aus <b>Spenden<\/b> get\u00e4tigt, z.B. aus der Book Week im Fr\u00fchjahr, aber auch Buchspenden sind immer gern willkommen. Sollte einmal ein Buch verloren gehen, so bitten wir die Kinder und Eltern, dieses durch ein gleichwertiges zu ersetzen oder den entsprechenden Gegenwert zu bezahlen, damit wir ein neues Buch kaufen k\u00f6nnen.<\/p>\n\n\n\n<p>Wenn Sie Anregungen oder Fragen haben, kommen Sie einfach vorbei (Sie finden uns rechts vom Eingang in Haus 1) oder schicken Sie uns eine E-Mail: <a rel=\"noreferrer noopener\" href=\"mailto:buecherei@charles-dickens-gs.de\" target=\"_blank\"><strong><em><mark style=\"background-color:rgba(0, 0, 0, 0)\" class=\"has-inline-color has-ast-global-color-0-color\">buecherei@charles-dickens-gs.de<\/mark><\/em><\/strong><\/a><\/p>\n\n\n\n<p><b>Das B\u00fccherei-Team<\/b><\/p>\n\n\n\n<p class=\"has-text-align-left\"><strong>\u00d6ffnungszeiten 2022\/2023<\/strong><br><span style=\"font-family: Arial, sans-serif;\"><span style=\"font-size: 14px;\"><em>Montag<\/em>   \u00a010:00 \u2013 15:00<br><em>Dienstag<\/em> \u00a0 8:15 \u2013 15:00<br><em>Mittwoch<\/em> \u00a0 09:00 \u2013 14:00<br><em>Donnerstag<\/em> \u00a0 08:15 \u2013 14:00<br><em>Freitag<\/em> \u00a0 9:00 \u2013 14:00 \u00a0 \u00a0 \u00a0 \u00a0 \u00a0 \u00a0 \u00a0<\/span><\/span><\/p>\n\n\n\n<p><span style=\"font-family: 'Arial', cursive;\"><span style=\"font-size: xx-large;\"><b><span class=\"Apple-style-span\" style=\"font-size: 14px; color: #444444; font-weight: normal; line-height: 24px;\"><span class=\"Apple-style-span\" style=\"color: #333333; font-family: Arial, sans-serif, 'Bitstream Charter', Times, serif; font-size: 14px; line-height: 18px;\"><img decoding=\"async\" class=\"pdfbullet\" src=\"\/assets\/pdfbullet.gif\" alt=\"PDF Download\"><a href=\"http:\/\/www.charles-dickens-gs.de\/de\/wp-content\/uploads\/2014\/03\/Anerkennung-Regeln_dt.pdf\">Anerkennung der B\u00fcchereiregeln<\/a><\/span><\/span><\/b><\/span><\/span><\/p>\n","protected":false},"excerpt":{"rendered":"<p>Die B\u00fccherei der Charles-Dickens-Grundschule Lesen macht Spa\u00df und klug! Unter diesem Motto hei\u00dfen wir alle Sch\u00fcler unserer Schule und auch ihre Eltern herzlich willkommen. In der Schulb\u00fccherei finden sich jede Menge Sachb\u00fccher, Kinderkrimis, lustige B\u00fccher, aber auch Geschichten- und Bilderb\u00fccher f\u00fcr Leseanf\u00e4nger. Die B\u00fccherei kann von allen Klassen einmal w\u00f6chentlich w\u00e4hrend des Englisch- oder Deutschunterrichts [&hellip;]<\/p>\n","protected":false},"author":4,"featured_media":157,"parent":0,"menu_order":0,"comment_status":"closed","ping_status":"closed","template":"","meta":{"site-sidebar-layout":"default","site-content-layout":"","ast-site-content-layout":"default","site-content-style":"default","site-sidebar-style":"default","ast-global-header-display":"","ast-banner-title-visibility":"","ast-main-header-display":"","ast-hfb-above-header-display":"","ast-hfb-below-header-display":"","ast-hfb-mobile-header-display":"","site-post-title":"","ast-breadcrumbs-content":"","ast-featured-img":"","footer-sml-layout":"","ast-disable-related-posts":"","theme-transparent-header-meta":"","adv-header-id-meta":"","stick-header-meta":"","header-above-stick-meta":"","header-main-stick-meta":"","header-below-stick-meta":"","astra-migrate-meta-layouts":"set","ast-page-background-enabled":"default","ast-page-background-meta":{"desktop":{"background-color":"var(--ast-global-color-4)","background-image":"","background-repeat":"repeat","background-position":"center center","background-size":"auto","background-attachment":"scroll","background-type":"","background-media":"","overlay-type":"","overlay-color":"","overlay-opacity":"","overlay-gradient":""},"tablet":{"background-color":"","background-image":"","background-repeat":"repeat","background-position":"center center","background-size":"auto","background-attachment":"scroll","background-type":"","background-media":"","overlay-type":"","overlay-color":"","overlay-opacity":"","overlay-gradient":""},"mobile":{"background-color":"","background-image":"","background-repeat":"repeat","background-position":"center center","background-size":"auto","background-attachment":"scroll","background-type":"","background-media":"","overlay-type":"","overlay-color":"","overlay-opacity":"","overlay-gradient":""}},"ast-content-background-meta":{"desktop":{"background-color":"var(--ast-global-color-5)","background-image":"","background-repeat":"repeat","background-position":"center center","background-size":"auto","background-attachment":"scroll","background-type":"","background-media":"","overlay-type":"","overlay-color":"","overlay-opacity":"","overlay-gradient":""},"tablet":{"background-color":"var(--ast-global-color-5)","background-image":"","background-repeat":"repeat","background-position":"center center","background-size":"auto","background-attachment":"scroll","background-type":"","background-media":"","overlay-type":"","overlay-color":"","overlay-opacity":"","overlay-gradient":""},"mobile":{"background-color":"var(--ast-global-color-5)","background-image":"","background-repeat":"repeat","background-position":"center center","background-size":"auto","background-attachment":"scroll","background-type":"","background-media":"","overlay-type":"","overlay-color":"","overlay-opacity":"","overlay-gradient":""}},"_kadence_starter_templates_imported_post":false,"footnotes":""},"class_list":["post-151","page","type-page","status-publish","has-post-thumbnail","hentry"],"_links":{"self":[{"href":"https:\/\/www.charles-dickens-grundschule.de\/de\/wp-json\/wp\/v2\/pages\/151","targetHints":{"allow":["GET"]}}],"collection":[{"href":"https:\/\/www.charles-dickens-grundschule.de\/de\/wp-json\/wp\/v2\/pages"}],"about":[{"href":"https:\/\/www.charles-dickens-grundschule.de\/de\/wp-json\/wp\/v2\/types\/page"}],"author":[{"embeddable":true,"href":"https:\/\/www.charles-dickens-grundschule.de\/de\/wp-json\/wp\/v2\/users\/4"}],"replies":[{"embeddable":true,"href":"https:\/\/www.charles-dickens-grundschule.de\/de\/wp-json\/wp\/v2\/comments?post=151"}],"version-history":[{"count":49,"href":"https:\/\/www.charles-dickens-grundschule.de\/de\/wp-json\/wp\/v2\/pages\/151\/revisions"}],"predecessor-version":[{"id":3806,"href":"https:\/\/www.charles-dickens-grundschule.de\/de\/wp-json\/wp\/v2\/pages\/151\/revisions\/3806"}],"wp:featuredmedia":[{"embeddable":true,"href":"https:\/\/www.charles-dickens-grundschule.de\/de\/wp-json\/wp\/v2\/media\/157"}],"wp:attachment":[{"href":"https:\/\/www.charles-dickens-grundschule.de\/de\/wp-json\/wp\/v2\/media?parent=151"}],"curies":[{"name":"wp","href":"https:\/\/api.w.org\/{rel}","templated":true}]}}