{"id":266,"date":"2014-03-19T14:17:05","date_gmt":"2014-03-19T14:17:05","guid":{"rendered":"http:\/\/www.charles-dickens-gs.de\/de\/?page_id=266"},"modified":"2024-09-24T11:52:15","modified_gmt":"2024-09-24T11:52:15","slug":"gev","status":"publish","type":"page","link":"https:\/\/www.charles-dickens-grundschule.de\/de\/gev\/","title":{"rendered":"GEV"},"content":{"rendered":"\n<p>Die GEV (Gesamtelternvertretung) ist das im Schulgesetz vorgesehene Gremium zur Vertretung der schulischen Interessen aller Eltern einer Schule. Es besteht aus den jeweils zwei ElternvertreterInnen aller Klassen und entsendet ElternvertreterInnen in die weiteren schulischen Gremien, wie die Schulkonferenz, die Gesamtkonferenz und den Bezirkselternausschuss (BEA). Zu Beginn eines Schuljahres w\u00e4hlen die ca. 38 ElternvertreterInnen der Schule aus ihrer Mitte den Vorstand der GEV und die Vorsitzende\/den Vorsitzenden der GEV.<\/p>\n\n\n\n<p>Der GEV Vorstand ist im st\u00e4ndigen Kontakt mit der Schulleitung und vertritt die Interessen der Elternschaft auch gegen\u00fcber den Schulbeh\u00f6rden (bezirklicher Schultr\u00e4ger, Schulsenat,\u2026). Der Vorstand der GEV ist auch ansprechbar, wenn Probleme in einzelnen Klassen auftreten, die durch Gespr\u00e4che zwischen den beteiligten ElternvertreterInnen und den Klassenleitungen nicht l\u00f6sbar sind.<\/p>\n\n\n\n<p><em><strong>Den Vorstand der GEV erreichen Sie unter:<\/strong><\/em>&nbsp;&nbsp;<a href=\"mailto:gev-cdgs@gmx.net\" target=\"_blank\" rel=\"noreferrer noopener\">gev-cdgs@gmx.net<\/a><\/p>\n\n\n\n<p><strong>Aktueller Vorstand:<\/strong><br>Katrin Sahab (4a)<br>Kathrin H\u00f6ring (6a)<br>Nicole Kokowicz (5euA)<br>Viviana Delgado  (6euB)<\/p>\n\n\n\n<p><\/p>\n\n\n\n<p><strong>Schul\u00fcbergreifende Elterngremien:<\/strong><\/p>\n\n\n\n<ul class=\"wp-block-list\">\n<li><em><a rel=\"noreferrer noopener\" href=\"http:\/\/www.bea-charlottenburg-wilmersdorf.de\/\" target=\"_blank\">Bezirkselternausschuss (BEA)<\/a><\/em>: Aufgabe des BEA ist die Wahrnehmung der Interessen der Eltern in Angelegenheiten der allgemeinbildenden Schulen im Bezirk<\/li>\n\n\n\n<li><em><a rel=\"noreferrer noopener\" href=\"https:\/\/leaberlin.de\/aktuelles\/\" target=\"_blank\">Landeselternausschuss (LEA)<\/a><\/em>: Der LEA ist das h\u00f6chste Elterngremium in Berlin<\/li>\n<\/ul>\n\n\n\n<p><\/p>\n\n\n\n<p><strong>Hilfreiche Links:<\/strong><\/p>\n\n\n\n<ul class=\"wp-block-list\">\n<li><em><a href=\"https:\/\/www.charles-dickens-grundschule.de\/de\/wp-content\/uploads\/2024\/09\/web_leitfaden_elternvertreter-1.pdf\" data-type=\"URL\" data-id=\"https:\/\/www.charles-dickens-grundschule.de\/de\/wp-content\/uploads\/2023\/02\/Leitfaden_Elternvertreter.pdf\" target=\"_blank\" rel=\"noreferrer noopener\">Leitfaden f\u00fcr ElternvertreterInnen<\/a><\/em>: Eine Brosch\u00fcre zu organisatorischen Aspekten der Elternvertretung, angereichert mit Tipps<\/li>\n\n\n\n<li><a href=\"https:\/\/www.charles-dickens-grundschule.de\/de\/wp-content\/uploads\/2023\/02\/Sitzungsprotokolle_Eltern.pdf\" data-type=\"URL\" data-id=\"https:\/\/www.charles-dickens-grundschule.de\/de\/wp-content\/uploads\/2023\/02\/Sitzungsprotokolle_Eltern.pdf\" target=\"_blank\" rel=\"noreferrer noopener\"><em>Datenschutzbrief<\/em><\/a>: Regelungen zur Anfertigung Protokollen auf Elternabenden und GEV-Sitzungen sowie zum Umgang mit E-Mailverteilern (bitte entsprechend umsetzen)<\/li>\n\n\n\n<li><a rel=\"noreferrer noopener\" href=\"https:\/\/www.berlin.de\/sen\/bjf\/\" data-type=\"URL\" data-id=\"https:\/\/www.berlin.de\/sen\/bjf\/\" target=\"_blank\"><em>Senatsverwaltung f\u00fcr Bildung, Jugend und Wissenschaft<\/em><\/a>: Aktuelle Informationen der Senatsverwaltung und <a rel=\"noreferrer noopener\" href=\"https:\/\/www.berlin.de\/sen\/bjf\/service\/newsletter\/\" data-type=\"URL\" data-id=\"https:\/\/www.berlin.de\/sen\/bjf\/service\/newsletter\/\" target=\"_blank\">Newsletter-Angebot<\/a><\/li>\n\n\n\n<li><em><a href=\"https:\/\/gesetze.berlin.de\/bsbe\/document\/jlr-SchulGBErahmen\" data-type=\"URL\" data-id=\"https:\/\/gesetze.berlin.de\/bsbe\/document\/jlr-SchulGBErahmen\" target=\"_blank\" rel=\"noreferrer noopener\">Berliner Schulgesetz<\/a><\/em> <\/li>\n\n\n\n<li>Die <em><a href=\"https:\/\/www.berlin.de\/polizei\/service\/auto-fahrrad-bus\/reisebuskontrollen\/\" data-type=\"URL\" data-id=\"https:\/\/www.berlin.de\/polizei\/service\/auto-fahrrad-bus\/reisebuskontrollen\/\" target=\"_blank\" rel=\"noreferrer noopener\">Polizei kontrolliert kostenlos Busse und BusfahrerInnen vor einer Klassenfahrt<\/a><\/em>. Falls die Eltern einer Klasse dies w\u00fcnschen, muss sp\u00e4testens zwei Wochen vor Abfahrt ein Antrag darauf von den ElternvertreterInnen gestellt werden. Einen Anspruch auf eine solche Kontrolle gibt es jedoch nicht. <\/li>\n<\/ul>\n\n\n\n<p><\/p>\n","protected":false},"excerpt":{"rendered":"<p>Die GEV (Gesamtelternvertretung) ist das im Schulgesetz vorgesehene Gremium zur Vertretung der schulischen Interessen aller Eltern einer Schule. Es besteht aus den jeweils zwei ElternvertreterInnen aller Klassen und entsendet ElternvertreterInnen in die weiteren schulischen Gremien, wie die Schulkonferenz, die Gesamtkonferenz und den Bezirkselternausschuss (BEA). Zu Beginn eines Schuljahres w\u00e4hlen die ca. 38 ElternvertreterInnen der Schule [&hellip;]<\/p>\n","protected":false},"author":4,"featured_media":538,"parent":0,"menu_order":0,"comment_status":"closed","ping_status":"closed","template":"","meta":{"site-sidebar-layout":"default","site-content-layout":"","ast-site-content-layout":"default","site-content-style":"default","site-sidebar-style":"default","ast-global-header-display":"","ast-banner-title-visibility":"","ast-main-header-display":"","ast-hfb-above-header-display":"","ast-hfb-below-header-display":"","ast-hfb-mobile-header-display":"","site-post-title":"","ast-breadcrumbs-content":"","ast-featured-img":"","footer-sml-layout":"","ast-disable-related-posts":"","theme-transparent-header-meta":"","adv-header-id-meta":"","stick-header-meta":"","header-above-stick-meta":"","header-main-stick-meta":"","header-below-stick-meta":"","astra-migrate-meta-layouts":"set","ast-page-background-enabled":"default","ast-page-background-meta":{"desktop":{"background-color":"var(--ast-global-color-4)","background-image":"","background-repeat":"repeat","background-position":"center center","background-size":"auto","background-attachment":"scroll","background-type":"","background-media":"","overlay-type":"","overlay-color":"","overlay-opacity":"","overlay-gradient":""},"tablet":{"background-color":"","background-image":"","background-repeat":"repeat","background-position":"center center","background-size":"auto","background-attachment":"scroll","background-type":"","background-media":"","overlay-type":"","overlay-color":"","overlay-opacity":"","overlay-gradient":""},"mobile":{"background-color":"","background-image":"","background-repeat":"repeat","background-position":"center center","background-size":"auto","background-attachment":"scroll","background-type":"","background-media":"","overlay-type":"","overlay-color":"","overlay-opacity":"","overlay-gradient":""}},"ast-content-background-meta":{"desktop":{"background-color":"var(--ast-global-color-5)","background-image":"","background-repeat":"repeat","background-position":"center center","background-size":"auto","background-attachment":"scroll","background-type":"","background-media":"","overlay-type":"","overlay-color":"","overlay-opacity":"","overlay-gradient":""},"tablet":{"background-color":"var(--ast-global-color-5)","background-image":"","background-repeat":"repeat","background-position":"center center","background-size":"auto","background-attachment":"scroll","background-type":"","background-media":"","overlay-type":"","overlay-color":"","overlay-opacity":"","overlay-gradient":""},"mobile":{"background-color":"var(--ast-global-color-5)","background-image":"","background-repeat":"repeat","background-position":"center center","background-size":"auto","background-attachment":"scroll","background-type":"","background-media":"","overlay-type":"","overlay-color":"","overlay-opacity":"","overlay-gradient":""}},"_kadence_starter_templates_imported_post":false,"footnotes":""},"class_list":["post-266","page","type-page","status-publish","has-post-thumbnail","hentry"],"_links":{"self":[{"href":"https:\/\/www.charles-dickens-grundschule.de\/de\/wp-json\/wp\/v2\/pages\/266","targetHints":{"allow":["GET"]}}],"collection":[{"href":"https:\/\/www.charles-dickens-grundschule.de\/de\/wp-json\/wp\/v2\/pages"}],"about":[{"href":"https:\/\/www.charles-dickens-grundschule.de\/de\/wp-json\/wp\/v2\/types\/page"}],"author":[{"embeddable":true,"href":"https:\/\/www.charles-dickens-grundschule.de\/de\/wp-json\/wp\/v2\/users\/4"}],"replies":[{"embeddable":true,"href":"https:\/\/www.charles-dickens-grundschule.de\/de\/wp-json\/wp\/v2\/comments?post=266"}],"version-history":[{"count":87,"href":"https:\/\/www.charles-dickens-grundschule.de\/de\/wp-json\/wp\/v2\/pages\/266\/revisions"}],"predecessor-version":[{"id":3937,"href":"https:\/\/www.charles-dickens-grundschule.de\/de\/wp-json\/wp\/v2\/pages\/266\/revisions\/3937"}],"wp:featuredmedia":[{"embeddable":true,"href":"https:\/\/www.charles-dickens-grundschule.de\/de\/wp-json\/wp\/v2\/media\/538"}],"wp:attachment":[{"href":"https:\/\/www.charles-dickens-grundschule.de\/de\/wp-json\/wp\/v2\/media?parent=266"}],"curies":[{"name":"wp","href":"https:\/\/api.w.org\/{rel}","templated":true}]}}