{"id":2927,"date":"2022-11-21T12:12:57","date_gmt":"2022-11-21T12:12:57","guid":{"rendered":"https:\/\/www.charles-dickens-grundschule.de\/de\/?page_id=2927"},"modified":"2025-11-19T10:01:35","modified_gmt":"2025-11-19T10:01:35","slug":"charles-dickens-grundschule","status":"publish","type":"page","link":"https:\/\/www.charles-dickens-grundschule.de\/de\/","title":{"rendered":"Charles-Dickens-Grundschule"},"content":{"rendered":"<style>.kb-row-layout-id2927_6e73a2-10 > .kt-row-column-wrap{align-content:start;}:where(.kb-row-layout-id2927_6e73a2-10 > .kt-row-column-wrap) > .wp-block-kadence-column{justify-content:start;}.kb-row-layout-id2927_6e73a2-10 > .kt-row-column-wrap{column-gap:var(--global-kb-gap-md, 2rem);row-gap:var(--global-kb-gap-md, 2rem);max-width:900px;margin-left:auto;margin-right:auto;padding-top:130px;padding-bottom:152px;grid-template-columns:minmax(0, 1fr);}.kb-row-layout-id2927_6e73a2-10{border-top-left-radius:0px;border-top-right-radius:0px;border-bottom-right-radius:0px;border-bottom-left-radius:0px;}.kb-row-layout-id2927_6e73a2-10{background-image:url('https:\/\/www.charles-dickens-grundschule.de\/de\/wp-content\/uploads\/2015\/03\/offenetuer_15.jpg');background-size:cover;background-position:50% 72%;background-attachment:scroll;background-repeat:no-repeat;}.kb-row-layout-id2927_6e73a2-10 > .kt-row-layout-overlay{opacity:0.73;background:radial-gradient(ellipse at 59% 66%, #172e16 23%, #083d7f 100%);mix-blend-mode:normal;}.kb-row-layout-id2927_6e73a2-10 .kt-row-layout-bottom-sep{height:100px;}.kb-row-layout-id2927_6e73a2-10 .kt-row-layout-bottom-sep svg{width:100%;}.kb-row-layout-id2927_6e73a2-10 .kt-row-layout-bottom-sep svg{fill:#ffffff!important;}@media all and (max-width: 1024px){.kb-row-layout-id2927_6e73a2-10 > .kt-row-column-wrap{grid-template-columns:minmax(0, 1fr);}}@media all and (max-width: 1024px){.kb-row-layout-id2927_6e73a2-10 .kt-row-layout-bottom-sep{height:px;}}@media all and (max-width: 1024px){.kb-row-layout-id2927_6e73a2-10 .kt-row-layout-bottom-sep svg{width:%;}}@media all and (max-width: 767px){.kb-row-layout-id2927_6e73a2-10 > .kt-row-column-wrap{grid-template-columns:minmax(0, 1fr);}.kb-row-layout-id2927_6e73a2-10 .kt-row-layout-bottom-sep{height:px;}.kb-row-layout-id2927_6e73a2-10 .kt-row-layout-bottom-sep svg{width:%;}}<\/style><div class=\"kb-row-layout-wrap kb-row-layout-id2927_6e73a2-10 alignfull kt-row-has-bg wp-block-kadence-rowlayout\"><div class=\"kt-row-layout-overlay kt-row-overlay-gradient\"><\/div><div class=\"kt-row-layout-bottom-sep kt-row-sep-type-crvr\"><svg viewBox=\"0 0 1000 100\" preserveAspectRatio=\"none\"><path d=\"M1000,100c0,0 -120.987,-98 -350,-98c-229.013,0 -650,98 -650,98l1000,0Z\" \/><\/svg><\/div><div class=\"kt-row-column-wrap kt-has-1-columns kt-row-layout-equal kt-tab-layout-inherit kt-mobile-layout-row kt-row-valign-top\">\n<style>.kadence-column2927_dc0c50-e3 > .kt-inside-inner-col,.kadence-column2927_dc0c50-e3 > .kt-inside-inner-col:before{border-top-left-radius:0px;border-top-right-radius:0px;border-bottom-right-radius:0px;border-bottom-left-radius:0px;}.kadence-column2927_dc0c50-e3 > .kt-inside-inner-col{column-gap:var(--global-kb-gap-sm, 1rem);}.kadence-column2927_dc0c50-e3 > .kt-inside-inner-col{flex-direction:column;}.kadence-column2927_dc0c50-e3 > .kt-inside-inner-col > .aligncenter{width:100%;}.kadence-column2927_dc0c50-e3 > .kt-inside-inner-col:before{opacity:0.3;}.kadence-column2927_dc0c50-e3{position:relative;}@media all and (max-width: 1024px){.kadence-column2927_dc0c50-e3 > .kt-inside-inner-col{flex-direction:column;justify-content:center;}}@media all and (max-width: 767px){.kadence-column2927_dc0c50-e3 > .kt-inside-inner-col{flex-direction:column;justify-content:center;}}<\/style>\n<div class=\"wp-block-kadence-column kadence-column2927_dc0c50-e3 inner-column-1\"><div class=\"kt-inside-inner-col\">\n<h2 class=\"wp-block-heading has-text-align-center has-luminous-vivid-amber-color has-text-color has-x-large-font-size\" style=\"margin-top:var(--wp--preset--spacing--20);margin-right:var(--wp--preset--spacing--20);margin-bottom:var(--wp--preset--spacing--20);margin-left:var(--wp--preset--spacing--20);padding-top:var(--wp--preset--spacing--20);padding-right:var(--wp--preset--spacing--20);padding-bottom:var(--wp--preset--spacing--20);padding-left:var(--wp--preset--spacing--20);font-style:normal;font-weight:700\">Charles-Dickens-Grundschule<\/h2>\n\n\n<style>.wp-block-kadence-advancedheading.kt-adv-heading2927_9716e5-20, .wp-block-kadence-advancedheading.kt-adv-heading2927_9716e5-20[data-kb-block=\"kb-adv-heading2927_9716e5-20\"]{text-align:center;font-size:1.6em;line-height:1em;font-weight:200;font-style:normal;font-family:Montserrat;color:#ffffff;}.wp-block-kadence-advancedheading.kt-adv-heading2927_9716e5-20 mark.kt-highlight, .wp-block-kadence-advancedheading.kt-adv-heading2927_9716e5-20[data-kb-block=\"kb-adv-heading2927_9716e5-20\"] mark.kt-highlight{font-style:normal;color:#f76a0c;-webkit-box-decoration-break:clone;box-decoration-break:clone;padding-top:0px;padding-right:0px;padding-bottom:0px;padding-left:0px;}<\/style>\n<h4 class=\"kt-adv-heading2927_9716e5-20 wp-block-kadence-advancedheading\" data-kb-block=\"kb-adv-heading2927_9716e5-20\"><\/h4>\n<\/div><\/div>\n\n<\/div><\/div>\n\n<style>.wp-block-kadence-spacer.kt-block-spacer-2927_c0bb27-e3 .kt-block-spacer{height:60px;}.wp-block-kadence-spacer.kt-block-spacer-2927_c0bb27-e3 .kt-divider{border-top-width:1px;height:1px;border-top-color:#eee;width:80%;border-top-style:solid;}<\/style>\n<div class=\"wp-block-kadence-spacer aligncenter kt-block-spacer-2927_c0bb27-e3\"><div class=\"kt-block-spacer kt-block-spacer-halign-center\"><hr class=\"kt-divider\"\/><\/div><\/div>\n\n\n\n<h2 class=\"wp-block-heading\">Aktuelles<\/h2>\n\n\n<style>.kb-posts-id-2927_9d3b8d-be .entry.loop-entry .entry-header .entry-title{font-size:36px;}.kb-posts-id-2927_9d3b8d-be .kb-post-list-item{display:grid;}<\/style><ul class=\"wp-block-kadence-posts kb-posts kadence-posts-list kb-posts-id-2927_9d3b8d-be content-wrap grid-cols kb-posts-style-unboxed grid-sm-col-2 grid-lg-col-3 item-image-style-above\"><li class=\"kb-post-list-item\">\n\t<article class=\"entry content-bg loop-entry post-4282 post type-post status-publish format-standard has-post-thumbnail hentry category-uncategorized\">\n\t\t\t\t<a aria-hidden=\"true\" tabindex=\"-1\" role=\"presentation\" class=\"post-thumbnail kadence-thumbnail-ratio-2-3\" href=\"https:\/\/www.charles-dickens-grundschule.de\/de\/einladung-zum-diesjaehrigen-zirkus-zauber-sommerfest-2026\/\" aria-label=\"Einladung zum diesj\u00e4hrigen Zirkus-Zauber-Sommerfest 2026\">\n\t\t\t<div class=\"post-thumbnail-inner\">\n\t\t\t\t<img loading=\"lazy\" decoding=\"async\" width=\"200\" height=\"300\" src=\"https:\/\/www.charles-dickens-grundschule.de\/de\/wp-content\/uploads\/2026\/03\/03BDB6A7-FF7E-4C2B-BCC9-64DECAB4D479-200x300.png\" class=\"attachment-medium size-medium wp-post-image\" alt=\"Einladung zum diesj\u00e4hrigen Zirkus-Zauber-Sommerfest 2026\" srcset=\"https:\/\/www.charles-dickens-grundschule.de\/de\/wp-content\/uploads\/2026\/03\/03BDB6A7-FF7E-4C2B-BCC9-64DECAB4D479-200x300.png 200w, https:\/\/www.charles-dickens-grundschule.de\/de\/wp-content\/uploads\/2026\/03\/03BDB6A7-FF7E-4C2B-BCC9-64DECAB4D479-683x1024.png 683w, https:\/\/www.charles-dickens-grundschule.de\/de\/wp-content\/uploads\/2026\/03\/03BDB6A7-FF7E-4C2B-BCC9-64DECAB4D479-768x1152.png 768w, https:\/\/www.charles-dickens-grundschule.de\/de\/wp-content\/uploads\/2026\/03\/03BDB6A7-FF7E-4C2B-BCC9-64DECAB4D479.png 1024w\" sizes=\"auto, (max-width: 200px) 100vw, 200px\" \/>\t\t\t<\/div>\n\t\t<\/a><!-- .post-thumbnail -->\n\t\t\t\t<div class=\"entry-content-wrap\">\n\t\t\t<header class=\"entry-header\">\n\t<h2 class=\"entry-title\"><a href=\"https:\/\/www.charles-dickens-grundschule.de\/de\/einladung-zum-diesjaehrigen-zirkus-zauber-sommerfest-2026\/\" rel=\"bookmark\">Einladung zum diesj\u00e4hrigen Zirkus-Zauber-Sommerfest 2026<\/a><\/h2><\/header><!-- .entry-header -->\n\t<div class=\"entry-summary\">\n\t\t\t<\/div><!-- .entry-summary -->\n\t<footer class=\"entry-footer\">\n\t<\/footer><!-- .entry-footer -->\t\t<\/div>\n\t<\/article>\n<\/li>\n<li class=\"kb-post-list-item\">\n\t<article class=\"entry content-bg loop-entry post-4276 post type-post status-publish format-standard has-post-thumbnail hentry category-uncategorized\">\n\t\t\t\t<a aria-hidden=\"true\" tabindex=\"-1\" role=\"presentation\" class=\"post-thumbnail kadence-thumbnail-ratio-2-3\" href=\"https:\/\/www.charles-dickens-grundschule.de\/de\/4276-2\/\" aria-label=\"Appreciation Dinner\">\n\t\t\t<div class=\"post-thumbnail-inner\">\n\t\t\t\t<img loading=\"lazy\" decoding=\"async\" width=\"225\" height=\"300\" src=\"https:\/\/www.charles-dickens-grundschule.de\/de\/wp-content\/uploads\/2026\/03\/IMG_4989-225x300.jpeg\" class=\"attachment-medium size-medium wp-post-image\" alt=\"Appreciation Dinner\" srcset=\"https:\/\/www.charles-dickens-grundschule.de\/de\/wp-content\/uploads\/2026\/03\/IMG_4989-225x300.jpeg 225w, https:\/\/www.charles-dickens-grundschule.de\/de\/wp-content\/uploads\/2026\/03\/IMG_4989-768x1024.jpeg 768w, https:\/\/www.charles-dickens-grundschule.de\/de\/wp-content\/uploads\/2026\/03\/IMG_4989-1152x1536.jpeg 1152w, https:\/\/www.charles-dickens-grundschule.de\/de\/wp-content\/uploads\/2026\/03\/IMG_4989-1536x2048.jpeg 1536w, https:\/\/www.charles-dickens-grundschule.de\/de\/wp-content\/uploads\/2026\/03\/IMG_4989-scaled.jpeg 1920w\" sizes=\"auto, (max-width: 225px) 100vw, 225px\" \/>\t\t\t<\/div>\n\t\t<\/a><!-- .post-thumbnail -->\n\t\t\t\t<div class=\"entry-content-wrap\">\n\t\t\t<header class=\"entry-header\">\n\t<h2 class=\"entry-title\"><a href=\"https:\/\/www.charles-dickens-grundschule.de\/de\/4276-2\/\" rel=\"bookmark\">Appreciation Dinner<\/a><\/h2><\/header><!-- .entry-header -->\n\t<div class=\"entry-summary\">\n\t\t<p>Liebe Eltern, im Namen der Schulleitung und des gesamten Kollegiums bedanken wir uns von ganzem Herzen f\u00fcr all die k\u00f6stlichen Beitr\u00e4ge beim Appreciation Dinner vom 19.April. Diese wundersch\u00f6ne Tradition erf\u00fcllt uns jedes Jahr mit gro\u00dfer Freude und Dankbarkeit. &nbsp; Ein besonderer Dank gilt Ihnen, liebe Eltern \u2013 Ihre wertsch\u00e4tzende Geste ist keineswegs selbstverst\u00e4ndlich und wird [&hellip;]<\/p>\n\t<\/div><!-- .entry-summary -->\n\t<footer class=\"entry-footer\">\n\t<\/footer><!-- .entry-footer -->\t\t<\/div>\n\t<\/article>\n<\/li>\n<li class=\"kb-post-list-item\">\n\t<article class=\"entry content-bg loop-entry post-3362 post type-post status-publish format-standard has-post-thumbnail hentry category-uncategorized\">\n\t\t\t\t<a aria-hidden=\"true\" tabindex=\"-1\" role=\"presentation\" class=\"post-thumbnail kadence-thumbnail-ratio-2-3\" href=\"https:\/\/www.charles-dickens-grundschule.de\/de\/charlies-news\/\" aria-label=\"Charlies News 2025\/2026\">\n\t\t\t<div class=\"post-thumbnail-inner\">\n\t\t\t\t<img loading=\"lazy\" decoding=\"async\" width=\"300\" height=\"105\" src=\"https:\/\/www.charles-dickens-grundschule.de\/de\/wp-content\/uploads\/2014\/03\/homepic-300x105.jpg\" class=\"attachment-medium size-medium wp-post-image\" alt=\"Charlies News 2025\/2026\" srcset=\"https:\/\/www.charles-dickens-grundschule.de\/de\/wp-content\/uploads\/2014\/03\/homepic-300x105.jpg 300w, https:\/\/www.charles-dickens-grundschule.de\/de\/wp-content\/uploads\/2014\/03\/homepic.jpg 635w\" sizes=\"auto, (max-width: 300px) 100vw, 300px\" \/>\t\t\t<\/div>\n\t\t<\/a><!-- .post-thumbnail -->\n\t\t\t\t<div class=\"entry-content-wrap\">\n\t\t\t<header class=\"entry-header\">\n\t<h2 class=\"entry-title\"><a href=\"https:\/\/www.charles-dickens-grundschule.de\/de\/charlies-news\/\" rel=\"bookmark\">Charlies News 2025\/2026<\/a><\/h2><\/header><!-- .entry-header -->\n\t<div class=\"entry-summary\">\n\t\t<p>Liebe Eltern, hier finden Sie die aktuellen Newsletter unserer Schule: Newsletter No 6 Newsletter No 5 Newsletter No 4 Newsletter No 3 Newsletter No 2 Newsletter No 1 &#8211; Willkommen im Schuljahr 2025\/2026 Schuljahr 2025\/2026 Newsletter No 8 Newsletter No 7 Newsletter No 6 Newsletter No 5 Newsletter No 4 Newsletter No 3 Newsletter No [&hellip;]<\/p>\n\t<\/div><!-- .entry-summary -->\n\t<footer class=\"entry-footer\">\n\t<\/footer><!-- .entry-footer -->\t\t<\/div>\n\t<\/article>\n<\/li>\n<\/ul>\n\n<style>.wp-block-kadence-spacer.kt-block-spacer-2927_2f4dae-c5 .kt-block-spacer{height:60px;}.wp-block-kadence-spacer.kt-block-spacer-2927_2f4dae-c5 .kt-divider{border-top-width:1px;height:1px;border-top-color:#eee;width:80%;border-top-style:solid;}<\/style>\n<div class=\"wp-block-kadence-spacer aligncenter kt-block-spacer-2927_2f4dae-c5\"><div class=\"kt-block-spacer kt-block-spacer-halign-center\"><hr class=\"kt-divider\"\/><\/div><\/div>\n\n\n\n<p><\/p>\n","protected":false},"excerpt":{"rendered":"<p>Charles-Dickens-Grundschule Aktuelles<\/p>\n","protected":false},"author":6,"featured_media":0,"parent":0,"menu_order":0,"comment_status":"closed","ping_status":"closed","template":"","meta":{"site-sidebar-layout":"default","site-content-layout":"plain-container","ast-site-content-layout":"normal-width-container","site-content-style":"unboxed","site-sidebar-style":"unboxed","ast-global-header-display":"","ast-banner-title-visibility":"","ast-main-header-display":"","ast-hfb-above-header-display":"","ast-hfb-below-header-display":"","ast-hfb-mobile-header-display":"","site-post-title":"disabled","ast-breadcrumbs-content":"","ast-featured-img":"","footer-sml-layout":"","ast-disable-related-posts":"","theme-transparent-header-meta":"","adv-header-id-meta":"","stick-header-meta":"","header-above-stick-meta":"","header-main-stick-meta":"","header-below-stick-meta":"","astra-migrate-meta-layouts":"set","ast-page-background-enabled":"default","ast-page-background-meta":{"desktop":{"background-color":"var(--ast-global-color-4)","background-image":"","background-repeat":"repeat","background-position":"center center","background-size":"auto","background-attachment":"scroll","background-type":"","background-media":"","overlay-type":"","overlay-color":"","overlay-opacity":"","overlay-gradient":""},"tablet":{"background-color":"","background-image":"","background-repeat":"repeat","background-position":"center center","background-size":"auto","background-attachment":"scroll","background-type":"","background-media":"","overlay-type":"","overlay-color":"","overlay-opacity":"","overlay-gradient":""},"mobile":{"background-color":"","background-image":"","background-repeat":"repeat","background-position":"center center","background-size":"auto","background-attachment":"scroll","background-type":"","background-media":"","overlay-type":"","overlay-color":"","overlay-opacity":"","overlay-gradient":""}},"ast-content-background-meta":{"desktop":{"background-color":"var(--ast-global-color-5)","background-image":"","background-repeat":"repeat","background-position":"center center","background-size":"auto","background-attachment":"scroll","background-type":"","background-media":"","overlay-type":"","overlay-color":"","overlay-opacity":"","overlay-gradient":""},"tablet":{"background-color":"var(--ast-global-color-5)","background-image":"","background-repeat":"repeat","background-position":"center center","background-size":"auto","background-attachment":"scroll","background-type":"","background-media":"","overlay-type":"","overlay-color":"","overlay-opacity":"","overlay-gradient":""},"mobile":{"background-color":"var(--ast-global-color-5)","background-image":"","background-repeat":"repeat","background-position":"center center","background-size":"auto","background-attachment":"scroll","background-type":"","background-media":"","overlay-type":"","overlay-color":"","overlay-opacity":"","overlay-gradient":""}},"_kadence_starter_templates_imported_post":false,"footnotes":""},"class_list":["post-2927","page","type-page","status-publish","hentry"],"_links":{"self":[{"href":"https:\/\/www.charles-dickens-grundschule.de\/de\/wp-json\/wp\/v2\/pages\/2927","targetHints":{"allow":["GET"]}}],"collection":[{"href":"https:\/\/www.charles-dickens-grundschule.de\/de\/wp-json\/wp\/v2\/pages"}],"about":[{"href":"https:\/\/www.charles-dickens-grundschule.de\/de\/wp-json\/wp\/v2\/types\/page"}],"author":[{"embeddable":true,"href":"https:\/\/www.charles-dickens-grundschule.de\/de\/wp-json\/wp\/v2\/users\/6"}],"replies":[{"embeddable":true,"href":"https:\/\/www.charles-dickens-grundschule.de\/de\/wp-json\/wp\/v2\/comments?post=2927"}],"version-history":[{"count":30,"href":"https:\/\/www.charles-dickens-grundschule.de\/de\/wp-json\/wp\/v2\/pages\/2927\/revisions"}],"predecessor-version":[{"id":4127,"href":"https:\/\/www.charles-dickens-grundschule.de\/de\/wp-json\/wp\/v2\/pages\/2927\/revisions\/4127"}],"wp:attachment":[{"href":"https:\/\/www.charles-dickens-grundschule.de\/de\/wp-json\/wp\/v2\/media?parent=2927"}],"curies":[{"name":"wp","href":"https:\/\/api.w.org\/{rel}","templated":true}]}}